{"id":1087,"date":"2020-10-22T12:41:26","date_gmt":"2020-10-22T12:41:26","guid":{"rendered":"https:\/\/dukecottage.com\/?page_id=1087"},"modified":"2021-02-20T20:57:50","modified_gmt":"2021-02-20T20:57:50","slug":"eating-drinking","status":"publish","type":"page","link":"https:\/\/dukecottage.com\/fr\/eating-drinking\/","title":{"rendered":"Manger &#038; Boire"},"content":{"rendered":"\t\t<div data-elementor-type=\"wp-post\" data-elementor-id=\"1087\" class=\"elementor elementor-1087\">\n\t\t\t\t\t\t<section class=\"elementor-section elementor-top-section elementor-element elementor-element-0b5b359 elementor-section-content-middle elementor-section-boxed elementor-section-height-default elementor-section-height-default\" data-id=\"0b5b359\" data-element_type=\"section\" data-e-type=\"section\" data-settings=\"{&quot;background_background&quot;:&quot;classic&quot;}\">\n\t\t\t\t\t\t\t<div class=\"elementor-background-overlay\"><\/div>\n\t\t\t\t\t\t\t<div class=\"elementor-container elementor-column-gap-no\">\n\t\t\t\t\t<div class=\"elementor-column elementor-col-100 elementor-top-column elementor-element elementor-element-7e89419\" data-id=\"7e89419\" data-element_type=\"column\" data-e-type=\"column\">\n\t\t\t<div class=\"elementor-widget-wrap\">\n\t\t\t\t\t\t\t<\/div>\n\t\t<\/div>\n\t\t\t\t\t<\/div>\n\t\t<\/section>\n\t\t\t\t<section class=\"elementor-section elementor-top-section elementor-element elementor-element-8021d18 elementor-section-boxed elementor-section-height-default elementor-section-height-default\" data-id=\"8021d18\" data-element_type=\"section\" data-e-type=\"section\">\n\t\t\t\t\t\t<div class=\"elementor-container elementor-column-gap-default\">\n\t\t\t\t\t<div class=\"elementor-column elementor-col-100 elementor-top-column elementor-element elementor-element-cfc6286\" data-id=\"cfc6286\" data-element_type=\"column\" data-e-type=\"column\">\n\t\t\t<div class=\"elementor-widget-wrap elementor-element-populated\">\n\t\t\t\t\t\t<section class=\"elementor-section elementor-inner-section elementor-element elementor-element-237fd0d elementor-section-boxed elementor-section-height-default elementor-section-height-default\" data-id=\"237fd0d\" data-element_type=\"section\" data-e-type=\"section\">\n\t\t\t\t\t\t<div class=\"elementor-container elementor-column-gap-default\">\n\t\t\t\t\t<div class=\"elementor-column elementor-col-100 elementor-inner-column elementor-element elementor-element-e906b6d\" data-id=\"e906b6d\" data-element_type=\"column\" data-e-type=\"column\">\n\t\t\t<div class=\"elementor-widget-wrap elementor-element-populated\">\n\t\t\t\t\t\t<div class=\"elementor-element elementor-element-434ec06 elementor-widget elementor-widget-heading\" data-id=\"434ec06\" data-element_type=\"widget\" data-e-type=\"widget\" data-widget_type=\"heading.default\">\n\t\t\t\t<div class=\"elementor-widget-container\">\n\t\t\t\t\t<h1 class=\"elementor-heading-title elementor-size-default\">Manger &amp; Boire \u00e0 Fochabers<\/h1>\t\t\t\t<\/div>\n\t\t\t\t<\/div>\n\t\t\t\t\t<\/div>\n\t\t<\/div>\n\t\t\t\t\t<\/div>\n\t\t<\/section>\n\t\t\t\t<section class=\"elementor-section elementor-inner-section elementor-element elementor-element-8143289 elementor-section-content-top elementor-reverse-tablet elementor-reverse-mobile elementor-section-boxed elementor-section-height-default elementor-section-height-default\" data-id=\"8143289\" data-element_type=\"section\" data-e-type=\"section\">\n\t\t\t\t\t\t<div class=\"elementor-container elementor-column-gap-default\">\n\t\t\t\t\t<div class=\"elementor-column elementor-col-50 elementor-inner-column elementor-element elementor-element-8cec2e5\" data-id=\"8cec2e5\" data-element_type=\"column\" data-e-type=\"column\">\n\t\t\t<div class=\"elementor-widget-wrap elementor-element-populated\">\n\t\t\t\t\t\t<div class=\"elementor-element elementor-element-ca79ae4 elementor-widget elementor-widget-uael-infobox\" data-id=\"ca79ae4\" data-element_type=\"widget\" data-e-type=\"widget\" data-widget_type=\"uael-infobox.default\">\n\t\t\t\t<div class=\"elementor-widget-container\">\n\t\t\t\t\t\n<div class=\"uael-module-content uael-infobox  uael-infobox-left  uael-infobox-link-type-none\">\n\t<div class=\"uael-infobox-left-right-wrap\">\n\t\t\t\t\t\t<div class=\"uael-infobox-content\">\n\t\t\t\t\t\t<div class='uael-infobox-title-wrap'><h2 class=\"uael-infobox-title elementor-inline-editing\" data-elementor-setting-key=\"infobox_title\" data-elementor-inline-editing-toolbar=\"basic\" >La nourriture est le repas le plus important de la journ\u00e9e!<\/h2><\/div>\t\t\t\t\t\t\t\t\t<div class=\"uael-infobox-text-wrap\">\n\t\t\t\t<div class=\"uael-infobox-text elementor-inline-editing\" data-elementor-setting-key=\"infobox_description\" data-elementor-inline-editing-toolbar=\"advanced\">\n\t\t\t\t\t\t\t\t\t<\/div>\n\t\t\t\t\t\n\t\t\t\t\t\t\t<\/div>\n\t\t<\/div>\n\t\t\t<\/div>\n<\/div>\n\t\t\t\t<\/div>\n\t\t\t\t<\/div>\n\t\t\t\t<div class=\"elementor-element elementor-element-7943b95 elementor-widget elementor-widget-text-editor\" data-id=\"7943b95\" data-element_type=\"widget\" data-e-type=\"widget\" data-widget_type=\"text-editor.default\">\n\t\t\t\t<div class=\"elementor-widget-container\">\n\t\t\t\t\t\t\t\t\t<p>Que vous souhaitiez cuisiner vous-m\u00eame, faire un barbecue ou manger au restaurant, Fochabers pourvoit \u00e0 vos besoins. De l&rsquo;autre c\u00f4t\u00e9 de la rue de Duke Cottage, vous trouverez un boucher familial traditionnel (laur\u00e9ats du prix Argent des bouchers artisanaux \u00e9cossais 2019) et \u00e0 quelques minutes de marche, vous trouverez 2 supermarch\u00e9s, vari\u00e9t\u00e9 de restaurants, de caf\u00e9s et de pubs, dont l&rsquo;un des meilleurs Fish &amp; Chip (poisson et frites) en Ecosse.<\/p>\t\t\t\t\t\t\t\t<\/div>\n\t\t\t\t<\/div>\n\t\t\t\t\t<\/div>\n\t\t<\/div>\n\t\t\t\t<div class=\"elementor-column elementor-col-50 elementor-inner-column elementor-element elementor-element-5f2ee6a\" data-id=\"5f2ee6a\" data-element_type=\"column\" data-e-type=\"column\">\n\t\t\t<div class=\"elementor-widget-wrap elementor-element-populated\">\n\t\t\t\t\t\t<div class=\"elementor-element elementor-element-21e8664 elementor-widget elementor-widget-image\" data-id=\"21e8664\" data-element_type=\"widget\" data-e-type=\"widget\" data-widget_type=\"image.default\">\n\t\t\t\t<div class=\"elementor-widget-container\">\n\t\t\t\t\t\t\t\t\t\t\t\t\t\t\t<img fetchpriority=\"high\" decoding=\"async\" width=\"1280\" height=\"853\" src=\"https:\/\/dukecottage.com\/wp-content\/uploads\/2020\/10\/grill-party-3524649_1280.jpg\" class=\"attachment-full size-full wp-image-880\" alt=\"\" srcset=\"https:\/\/dukecottage.com\/wp-content\/uploads\/2020\/10\/grill-party-3524649_1280.jpg 1280w, https:\/\/dukecottage.com\/wp-content\/uploads\/2020\/10\/grill-party-3524649_1280-300x200.jpg 300w, https:\/\/dukecottage.com\/wp-content\/uploads\/2020\/10\/grill-party-3524649_1280-1024x682.jpg 1024w, https:\/\/dukecottage.com\/wp-content\/uploads\/2020\/10\/grill-party-3524649_1280-768x512.jpg 768w\" sizes=\"(max-width: 1280px) 100vw, 1280px\" \/>\t\t\t\t\t\t\t\t\t\t\t\t\t\t\t<\/div>\n\t\t\t\t<\/div>\n\t\t\t\t\t<\/div>\n\t\t<\/div>\n\t\t\t\t\t<\/div>\n\t\t<\/section>\n\t\t\t\t\t<\/div>\n\t\t<\/div>\n\t\t\t\t\t<\/div>\n\t\t<\/section>\n\t\t\t\t<section class=\"elementor-section elementor-top-section elementor-element elementor-element-d8d4617 elementor-section-content-top elementor-section-boxed elementor-section-height-default elementor-section-height-default\" data-id=\"d8d4617\" data-element_type=\"section\" data-e-type=\"section\">\n\t\t\t\t\t\t<div class=\"elementor-container elementor-column-gap-default\">\n\t\t\t\t\t<div class=\"elementor-column elementor-col-50 elementor-top-column elementor-element elementor-element-fb73494\" data-id=\"fb73494\" data-element_type=\"column\" data-e-type=\"column\" data-settings=\"{&quot;background_background&quot;:&quot;classic&quot;}\">\n\t\t\t<div class=\"elementor-widget-wrap elementor-element-populated\">\n\t\t\t\t\t\t<div class=\"elementor-element elementor-element-37c55e2 elementor-widget elementor-widget-html\" data-id=\"37c55e2\" data-element_type=\"widget\" data-e-type=\"widget\" data-widget_type=\"html.default\">\n\t\t\t\t<div class=\"elementor-widget-container\">\n\t\t\t\t\t<div style=\"border: 5px solid #5e8975;\">\n    <iframe src=\"https:\/\/www.google.com\/maps\/d\/embed?mid=119BJnrXjGuQ_uHL-CXRfJ9jK2pGglc66\" width=\"100%\" height=\"850\"><\/iframe>\n<\/div>\t\t\t\t<\/div>\n\t\t\t\t<\/div>\n\t\t\t\t\t<\/div>\n\t\t<\/div>\n\t\t\t\t<div class=\"elementor-column elementor-col-50 elementor-top-column elementor-element elementor-element-3e48343\" data-id=\"3e48343\" data-element_type=\"column\" data-e-type=\"column\">\n\t\t\t<div class=\"elementor-widget-wrap elementor-element-populated\">\n\t\t\t\t\t\t<div class=\"elementor-element elementor-element-ce2e898 elementor-widget elementor-widget-text-editor\" data-id=\"ce2e898\" data-element_type=\"widget\" data-e-type=\"widget\" data-widget_type=\"text-editor.default\">\n\t\t\t\t<div class=\"elementor-widget-container\">\n\t\t\t\t\t\t\t\t\t<p>Dans cette carte interactive, vous pouvez trouver des informations utiles, notamment :<\/p>\t\t\t\t\t\t\t\t<\/div>\n\t\t\t\t<\/div>\n\t\t\t\t<div class=\"elementor-element elementor-element-2eb1c4f elementor-position-left elementor-vertical-align-top elementor-widget elementor-widget-image-box\" data-id=\"2eb1c4f\" data-element_type=\"widget\" data-e-type=\"widget\" data-widget_type=\"image-box.default\">\n\t\t\t\t<div class=\"elementor-widget-container\">\n\t\t\t\t\t<div class=\"elementor-image-box-wrapper\"><figure class=\"elementor-image-box-img\"><img decoding=\"async\" width=\"64\" height=\"64\" src=\"https:\/\/dukecottage.com\/wp-content\/uploads\/2020\/10\/003-supermarket-2.png\" class=\"attachment-full size-full wp-image-579\" alt=\"\" \/><\/figure><div class=\"elementor-image-box-content\"><h3 class=\"elementor-image-box-title\">Supermarch\u00e9s \/ Boucherie<\/h3><p class=\"elementor-image-box-description\"><ul>\n<li>Fochabers Co-op [Supermarch\u00e9 ; Bureau de poste]<\/li>\n<li>Scotmid [Supermarch\u00e9]<\/li>\n<li>A.J. Jamieson Boucherie<\/li>\n<\/ul>\n<\/p><\/div><\/div>\t\t\t\t<\/div>\n\t\t\t\t<\/div>\n\t\t\t\t<div class=\"elementor-element elementor-element-7cb2860 elementor-position-left elementor-vertical-align-top elementor-widget elementor-widget-image-box\" data-id=\"7cb2860\" data-element_type=\"widget\" data-e-type=\"widget\" data-widget_type=\"image-box.default\">\n\t\t\t\t<div class=\"elementor-widget-container\">\n\t\t\t\t\t<div class=\"elementor-image-box-wrapper\"><figure class=\"elementor-image-box-img\"><img decoding=\"async\" width=\"64\" height=\"64\" src=\"https:\/\/dukecottage.com\/wp-content\/uploads\/2020\/10\/004-restaurant.png\" class=\"attachment-full size-full wp-image-580\" alt=\"\" \/><\/figure><div class=\"elementor-image-box-content\"><h3 class=\"elementor-image-box-title\">Restaurants &amp; Caf\u00e9s<\/h3><p class=\"elementor-image-box-description\"><ul>\n \t<li><a href=\"https:\/\/www.facebook.com\/thequaichcafe.co.uk\/?rf=657000117716645\" target=\"_blank\" rel=\"noopener\">The Quaich Fochabers\u00a0<\/a> [Restaurant; 3min \u00e0 pied, 160m]<\/li>\n \t<li><a href=\"https:\/\/www.facebook.com\/fochabersfishbar\/\" target=\"_blank\" rel=\"noopener\">Fochabers Fish Bar\u00a0<\/a>[Fish &amp; Chips prim\u00e9; 4min \u00e0 pied, 300m]<\/li>\n \t<li><a href=\"https:\/\/www.facebook.com\/milanopizzafochabers\/\" target=\"_blank\" rel=\"noopener\">Milano Pizza<\/a> [Pizzeria ; 1min \u00e0 pied, 100m]<\/li>\n \t<li><a href=\"http:\/\/fochabersicecream.co.uk\/\" target=\"_blank\" rel=\"noopener\">Fochabers Ice Cream Parlour<\/a> [3min \u00e0 pied, 300m] \u2013 26 saveurs maison<\/li>\n \t<li>Sing-Yeun Chinese Takeaway [3min \u00e0 pied, 160m]<\/li>\n \t<li><a href=\"https:\/\/christiesoffochabers.com\/\" target=\"_blank\" rel=\"noopener\">Christies Garden Centre<\/a> [Restaurant\/Caf\u00e9 ; 10min \u00e0 pied ; 800m]<\/li>\n \t<li><a href=\"https:\/\/www.gordoncastle.co.uk\/\" target=\"_blank\" rel=\"noopener\">Gordon Castle Estate<\/a> [Restaurant\/Caf\u00e9 ; 15min \u00e0 pied ; 1.2km]<\/li>\n \t<li><a style=\"font-size: 16px;background-color: #ffffff\" href=\"https:\/\/www.baxters.com\/shop\/our-store\" target=\"_blank\" rel=\"noopener\">Baxters Highland Village Visitor Centre<\/a>[Restaurant ; 4min en voiture, 1.4km]<\/li>\n<\/ul><\/p><\/div><\/div>\t\t\t\t<\/div>\n\t\t\t\t<\/div>\n\t\t\t\t<div class=\"elementor-element elementor-element-7948675 elementor-position-left elementor-vertical-align-top elementor-widget elementor-widget-image-box\" data-id=\"7948675\" data-element_type=\"widget\" data-e-type=\"widget\" data-widget_type=\"image-box.default\">\n\t\t\t\t<div class=\"elementor-widget-container\">\n\t\t\t\t\t<div class=\"elementor-image-box-wrapper\"><figure class=\"elementor-image-box-img\"><img loading=\"lazy\" decoding=\"async\" width=\"64\" height=\"64\" src=\"https:\/\/dukecottage.com\/wp-content\/uploads\/2020\/10\/008-pub-2.png\" class=\"attachment-full size-full wp-image-581\" alt=\"\" \/><\/figure><div class=\"elementor-image-box-content\"><h3 class=\"elementor-image-box-title\">Pubs<\/h3><p class=\"elementor-image-box-description\"><ul>\n \t<li>The Gordon Arms [Restaurant\/pub; 3min walk, 0.1mile]<\/li>\n \t<li>The Red Lion [Restaurant\/pub; 2min walk, 400ft]<\/li>\n \t<li>Grant Arms Hotel [pub; 3min walk, 0.1mile]<\/li>\n<\/ul><\/p><\/div><\/div>\t\t\t\t<\/div>\n\t\t\t\t<\/div>\n\t\t\t\t\t<\/div>\n\t\t<\/div>\n\t\t\t\t\t<\/div>\n\t\t<\/section>\n\t\t\t\t<section class=\"elementor-section elementor-top-section elementor-element elementor-element-c6b6399 elementor-section-full_width elementor-section-height-default elementor-section-height-default\" data-id=\"c6b6399\" data-element_type=\"section\" data-e-type=\"section\" data-settings=\"{&quot;background_background&quot;:&quot;classic&quot;,&quot;shape_divider_top&quot;:&quot;tilt&quot;}\">\n\t\t\t\t\t<div class=\"elementor-shape elementor-shape-top\" aria-hidden=\"true\" data-negative=\"false\">\n\t\t\t<svg xmlns=\"http:\/\/www.w3.org\/2000\/svg\" viewBox=\"0 0 1000 100\" preserveAspectRatio=\"none\">\n\t<path class=\"elementor-shape-fill\" d=\"M0,6V0h1000v100L0,6z\"\/>\n<\/svg>\t\t<\/div>\n\t\t\t\t\t<div class=\"elementor-container elementor-column-gap-default\">\n\t\t\t\t\t<div class=\"elementor-column elementor-col-100 elementor-top-column elementor-element elementor-element-7299b8d\" data-id=\"7299b8d\" data-element_type=\"column\" data-e-type=\"column\">\n\t\t\t<div class=\"elementor-widget-wrap elementor-element-populated\">\n\t\t\t\t\t\t<section class=\"elementor-section elementor-inner-section elementor-element elementor-element-4cfb13f elementor-section-boxed elementor-section-height-default elementor-section-height-default\" data-id=\"4cfb13f\" data-element_type=\"section\" data-e-type=\"section\">\n\t\t\t\t\t\t<div class=\"elementor-container elementor-column-gap-default\">\n\t\t\t\t\t<div class=\"elementor-column elementor-col-33 elementor-inner-column elementor-element elementor-element-03f78c7\" data-id=\"03f78c7\" data-element_type=\"column\" data-e-type=\"column\">\n\t\t\t<div class=\"elementor-widget-wrap elementor-element-populated\">\n\t\t\t\t\t\t<div class=\"elementor-element elementor-element-68a63a4 elementor-widget elementor-widget-google_maps\" data-id=\"68a63a4\" data-element_type=\"widget\" data-e-type=\"widget\" data-widget_type=\"google_maps.default\">\n\t\t\t\t<div class=\"elementor-widget-container\">\n\t\t\t\t\t\t\t<div class=\"elementor-custom-embed\">\n\t\t\t<iframe loading=\"lazy\"\n\t\t\t\t\tsrc=\"https:\/\/maps.google.com\/maps?q=Duke%20Cottage%202%20Duke%20st.%20%20Fochabers%2C%20IV32%207DN%20United%20Kingdom&#038;t=m&#038;z=10&#038;output=embed&#038;iwloc=near\"\n\t\t\t\t\ttitle=\"Duke Cottage 2 Duke st.  Fochabers, IV32 7DN United Kingdom\"\n\t\t\t\t\taria-label=\"Duke Cottage 2 Duke st.  Fochabers, IV32 7DN United Kingdom\"\n\t\t\t><\/iframe>\n\t\t<\/div>\n\t\t\t\t\t\t<\/div>\n\t\t\t\t<\/div>\n\t\t\t\t\t<\/div>\n\t\t<\/div>\n\t\t\t\t<div class=\"elementor-column elementor-col-33 elementor-inner-column elementor-element elementor-element-c3cc5f5\" data-id=\"c3cc5f5\" data-element_type=\"column\" data-e-type=\"column\">\n\t\t\t<div class=\"elementor-widget-wrap elementor-element-populated\">\n\t\t\t\t\t\t<div class=\"elementor-element elementor-element-296a430 elementor-widget elementor-widget-heading\" data-id=\"296a430\" data-element_type=\"widget\" data-e-type=\"widget\" data-widget_type=\"heading.default\">\n\t\t\t\t<div class=\"elementor-widget-container\">\n\t\t\t\t\t<h2 class=\"elementor-heading-title elementor-size-default\">Adresse<\/h2>\t\t\t\t<\/div>\n\t\t\t\t<\/div>\n\t\t\t\t<div class=\"elementor-element elementor-element-72710d3 elementor-align-start elementor-icon-list--layout-traditional elementor-list-item-link-full_width elementor-widget elementor-widget-icon-list\" data-id=\"72710d3\" data-element_type=\"widget\" data-e-type=\"widget\" data-widget_type=\"icon-list.default\">\n\t\t\t\t<div class=\"elementor-widget-container\">\n\t\t\t\t\t\t\t<ul class=\"elementor-icon-list-items\">\n\t\t\t\t\t\t\t<li class=\"elementor-icon-list-item\">\n\t\t\t\t\t\t\t\t\t\t\t<span class=\"elementor-icon-list-icon\">\n\t\t\t\t\t\t\t<i aria-hidden=\"true\" class=\"fas fa-map-marker-alt\"><\/i>\t\t\t\t\t\t<\/span>\n\t\t\t\t\t\t\t\t\t\t<span class=\"elementor-icon-list-text\">Duke Cottage <br>2 Duke St.<br>Fochabers <br>Moray IV32 7DN<\/span>\n\t\t\t\t\t\t\t\t\t<\/li>\n\t\t\t\t\t\t\t\t<li class=\"elementor-icon-list-item\">\n\t\t\t\t\t\t\t\t\t\t\t<span class=\"elementor-icon-list-icon\">\n\t\t\t\t\t\t\t<i aria-hidden=\"true\" class=\"fas fa-envelope\"><\/i>\t\t\t\t\t\t<\/span>\n\t\t\t\t\t\t\t\t\t\t<span class=\"elementor-icon-list-text\">info@dukecottage.com<\/span>\n\t\t\t\t\t\t\t\t\t<\/li>\n\t\t\t\t\t\t<\/ul>\n\t\t\t\t\t\t<\/div>\n\t\t\t\t<\/div>\n\t\t\t\t<div class=\"elementor-element elementor-element-1b08fc8 elementor-widget elementor-widget-text-editor\" data-id=\"1b08fc8\" data-element_type=\"widget\" data-e-type=\"widget\" data-widget_type=\"text-editor.default\">\n\t\t\t\t<div class=\"elementor-widget-container\">\n\t\t\t\t\t\t\t\t\t<div><span lang=\"EN-GB\"><span lang=\"FR\">Facilement accessible en voiture ou en transports en commun. Voir\u00a0<\/span><span lang=\"en-NL\"><a href=\"http:\/\/moray.gov.uk\/moray_standard\/page_1679.html\" target=\"_blank\" rel=\"noopener\" data-saferedirecturl=\"https:\/\/www.google.com\/url?q=http:\/\/moray.gov.uk\/moray_standard\/page_1679.html&amp;source=gmail&amp;ust=1613933566233000&amp;usg=AFQjCNFwS4YDf1ckKeIMtSuU8phKc4DICA\"><span lang=\"FR\">ici<\/span><\/a><\/span><span lang=\"FR\">\u00a0pour les itin\u00e9raires et les horaires de bus.<\/span><br \/><\/span><\/div>\n\t\t\t\t\t\t\t\t<\/div>\n\t\t\t\t<\/div>\n\t\t\t\t\t<\/div>\n\t\t<\/div>\n\t\t\t\t<div class=\"elementor-column elementor-col-33 elementor-inner-column elementor-element elementor-element-dd29236\" data-id=\"dd29236\" data-element_type=\"column\" data-e-type=\"column\">\n\t\t\t<div class=\"elementor-widget-wrap elementor-element-populated\">\n\t\t\t\t\t\t<div class=\"elementor-element elementor-element-d6af522 elementor-widget elementor-widget-heading\" data-id=\"d6af522\" data-element_type=\"widget\" data-e-type=\"widget\" data-widget_type=\"heading.default\">\n\t\t\t\t<div class=\"elementor-widget-container\">\n\t\t\t\t\t<h2 class=\"elementor-heading-title elementor-size-default\">Reste en contact<\/h2>\t\t\t\t<\/div>\n\t\t\t\t<\/div>\n\t\t\t\t<div class=\"elementor-element elementor-element-d531f9b e-grid-align-left elementor-shape-rounded elementor-grid-0 elementor-widget elementor-widget-social-icons\" data-id=\"d531f9b\" data-element_type=\"widget\" data-e-type=\"widget\" data-widget_type=\"social-icons.default\">\n\t\t\t\t<div class=\"elementor-widget-container\">\n\t\t\t\t\t\t\t<div class=\"elementor-social-icons-wrapper elementor-grid\" role=\"list\">\n\t\t\t\t\t\t\t<span class=\"elementor-grid-item\" role=\"listitem\">\n\t\t\t\t\t<a class=\"elementor-icon elementor-social-icon elementor-social-icon-facebook elementor-repeater-item-5cae0c8\" href=\"https:\/\/www.facebook.com\/Duke-Cottage-102342848285381\/?ref=page_internal\" target=\"_blank\">\n\t\t\t\t\t\t<span class=\"elementor-screen-only\">Facebook<\/span>\n\t\t\t\t\t\t<i aria-hidden=\"true\" class=\"fab fa-facebook\"><\/i>\t\t\t\t\t<\/a>\n\t\t\t\t<\/span>\n\t\t\t\t\t\t\t<span class=\"elementor-grid-item\" role=\"listitem\">\n\t\t\t\t\t<a class=\"elementor-icon elementor-social-icon elementor-social-icon-instagram elementor-repeater-item-1210704\" href=\"https:\/\/www.instagram.com\/dukecottagefochabers\/?hl=en\" target=\"_blank\">\n\t\t\t\t\t\t<span class=\"elementor-screen-only\">Instagram<\/span>\n\t\t\t\t\t\t<i aria-hidden=\"true\" class=\"fab fa-instagram\"><\/i>\t\t\t\t\t<\/a>\n\t\t\t\t<\/span>\n\t\t\t\t\t<\/div>\n\t\t\t\t\t\t<\/div>\n\t\t\t\t<\/div>\n\t\t\t\t<div class=\"elementor-element elementor-element-f1e6756 elementor-widget elementor-widget-image\" data-id=\"f1e6756\" data-element_type=\"widget\" data-e-type=\"widget\" data-widget_type=\"image.default\">\n\t\t\t\t<div class=\"elementor-widget-container\">\n\t\t\t\t\t\t\t\t\t\t\t\t\t\t\t<img loading=\"lazy\" decoding=\"async\" width=\"300\" height=\"300\" src=\"https:\/\/dukecottage.com\/wp-content\/uploads\/2021\/01\/award-300x300.png\" class=\"attachment-medium size-medium wp-image-1578\" alt=\"\" srcset=\"https:\/\/dukecottage.com\/wp-content\/uploads\/2021\/01\/award-300x300.png 300w, https:\/\/dukecottage.com\/wp-content\/uploads\/2021\/01\/award-1024x1024.png 1024w, https:\/\/dukecottage.com\/wp-content\/uploads\/2021\/01\/award-150x150.png 150w, https:\/\/dukecottage.com\/wp-content\/uploads\/2021\/01\/award-768x768.png 768w, https:\/\/dukecottage.com\/wp-content\/uploads\/2021\/01\/award.png 1080w\" sizes=\"(max-width: 300px) 100vw, 300px\" \/>\t\t\t\t\t\t\t\t\t\t\t\t\t\t\t<\/div>\n\t\t\t\t<\/div>\n\t\t\t\t\t<\/div>\n\t\t<\/div>\n\t\t\t\t\t<\/div>\n\t\t<\/section>\n\t\t\t\t<section class=\"elementor-section elementor-inner-section elementor-element elementor-element-eb60c51 elementor-section-full_width elementor-section-content-bottom elementor-section-height-default elementor-section-height-default\" data-id=\"eb60c51\" data-element_type=\"section\" data-e-type=\"section\">\n\t\t\t\t\t\t<div class=\"elementor-container elementor-column-gap-default\">\n\t\t\t\t\t<div class=\"elementor-column elementor-col-100 elementor-inner-column elementor-element elementor-element-00198a3\" data-id=\"00198a3\" data-element_type=\"column\" data-e-type=\"column\">\n\t\t\t<div class=\"elementor-widget-wrap elementor-element-populated\">\n\t\t\t\t\t\t<div class=\"elementor-element elementor-element-c119f45 elementor-widget elementor-widget-text-editor\" data-id=\"c119f45\" data-element_type=\"widget\" data-e-type=\"widget\" data-widget_type=\"text-editor.default\">\n\t\t\t\t<div class=\"elementor-widget-container\">\n\t\t\t\t\t\t\t\t\t<p>Copyright \u00a9 2020 Duke Cottage<\/p>\n\t\t\t\t\t\t\t\t<\/div>\n\t\t\t\t<\/div>\n\t\t\t\t\t<\/div>\n\t\t<\/div>\n\t\t\t\t\t<\/div>\n\t\t<\/section>\n\t\t\t\t\t<\/div>\n\t\t<\/div>\n\t\t\t\t\t<\/div>\n\t\t<\/section>\n\t\t\t\t<\/div>\n\t\t","protected":false},"excerpt":{"rendered":"<p>Manger &#038; Boire \u00e0 Fochabers La nourriture est le repas le plus important de la journ\u00e9e! Que vous souhaitiez cuisiner vous-m\u00eame, faire un barbecue ou manger au restaurant, Fochabers pourvoit \u00e0 vos besoins. De l&rsquo;autre c\u00f4t\u00e9 de la rue de Duke Cottage, vous trouverez un boucher familial traditionnel (laur\u00e9ats du prix Argent des bouchers artisanaux &hellip;<\/p>\n<p class=\"read-more\"> <a class=\"\" href=\"https:\/\/dukecottage.com\/fr\/eating-drinking\/\"> <span class=\"screen-reader-text\">Manger &#038; Boire<\/span> Lire la suite\u00a0\u00bb<\/a><\/p>\n","protected":false},"author":1,"featured_media":0,"parent":0,"menu_order":0,"comment_status":"closed","ping_status":"closed","template":"","meta":{"site-sidebar-layout":"no-sidebar","site-content-layout":"page-builder","ast-global-header-display":"","ast-main-header-display":"","ast-hfb-above-header-display":"","ast-hfb-below-header-display":"","ast-hfb-mobile-header-display":"","site-post-title":"disabled","ast-breadcrumbs-content":"","ast-featured-img":"disabled","footer-sml-layout":"disabled","theme-transparent-header-meta":"enabled","adv-header-id-meta":"","stick-header-meta":"","header-above-stick-meta":"","header-main-stick-meta":"","header-below-stick-meta":"","footnotes":""},"class_list":["post-1087","page","type-page","status-publish","hentry"],"_links":{"self":[{"href":"https:\/\/dukecottage.com\/fr\/wp-json\/wp\/v2\/pages\/1087","targetHints":{"allow":["GET"]}}],"collection":[{"href":"https:\/\/dukecottage.com\/fr\/wp-json\/wp\/v2\/pages"}],"about":[{"href":"https:\/\/dukecottage.com\/fr\/wp-json\/wp\/v2\/types\/page"}],"author":[{"embeddable":true,"href":"https:\/\/dukecottage.com\/fr\/wp-json\/wp\/v2\/users\/1"}],"replies":[{"embeddable":true,"href":"https:\/\/dukecottage.com\/fr\/wp-json\/wp\/v2\/comments?post=1087"}],"version-history":[{"count":5,"href":"https:\/\/dukecottage.com\/fr\/wp-json\/wp\/v2\/pages\/1087\/revisions"}],"predecessor-version":[{"id":1653,"href":"https:\/\/dukecottage.com\/fr\/wp-json\/wp\/v2\/pages\/1087\/revisions\/1653"}],"wp:attachment":[{"href":"https:\/\/dukecottage.com\/fr\/wp-json\/wp\/v2\/media?parent=1087"}],"curies":[{"name":"wp","href":"https:\/\/api.w.org\/{rel}","templated":true}]}}